{"id":472,"date":"2022-06-08T15:50:20","date_gmt":"2022-06-08T15:50:20","guid":{"rendered":"http:\/\/salionas.lt\/?page_id=472"},"modified":"2022-06-08T15:52:59","modified_gmt":"2022-06-08T15:52:59","slug":"paulius-markeliunas","status":"publish","type":"page","link":"https:\/\/salionas.lt\/index.php\/paulius-markeliunas\/","title":{"rendered":"Paulius Markeli\u016bnas"},"content":{"rendered":"\t\t<div data-elementor-type=\"wp-page\" data-elementor-id=\"472\" class=\"elementor elementor-472\">\n\t\t\t\t\t\t<section class=\"elementor-section elementor-top-section elementor-element elementor-element-52321f03 elementor-section-boxed elementor-section-height-default elementor-section-height-default parallax_section_no qode_elementor_container_no\" data-id=\"52321f03\" data-element_type=\"section\" data-e-type=\"section\">\n\t\t\t\t\t\t<div class=\"elementor-container elementor-column-gap-default\">\n\t\t\t\t\t<div class=\"elementor-column elementor-col-50 elementor-top-column elementor-element elementor-element-2a336fe9\" data-id=\"2a336fe9\" data-element_type=\"column\" data-e-type=\"column\" data-settings=\"{&quot;background_background&quot;:&quot;classic&quot;}\">\n\t\t\t<div class=\"elementor-widget-wrap elementor-element-populated\">\n\t\t\t\t\t\t<div class=\"elementor-element elementor-element-71c7ba71 elementor-widget elementor-widget-image\" data-id=\"71c7ba71\" data-element_type=\"widget\" data-e-type=\"widget\" data-widget_type=\"image.default\">\n\t\t\t\t<div class=\"elementor-widget-container\">\n\t\t\t\t\t\t\t\t\t\t\t\t\t\t\t<img fetchpriority=\"high\" decoding=\"async\" width=\"683\" height=\"1024\" src=\"https:\/\/salionas.lt\/wp-content\/uploads\/2022\/06\/Paulius-683x1024.jpg\" class=\"attachment-large size-large wp-image-457\" alt=\"\" srcset=\"https:\/\/salionas.lt\/wp-content\/uploads\/2022\/06\/Paulius-683x1024.jpg 683w, https:\/\/salionas.lt\/wp-content\/uploads\/2022\/06\/Paulius-200x300.jpg 200w, https:\/\/salionas.lt\/wp-content\/uploads\/2022\/06\/Paulius-768x1152.jpg 768w, https:\/\/salionas.lt\/wp-content\/uploads\/2022\/06\/Paulius-1024x1536.jpg 1024w, https:\/\/salionas.lt\/wp-content\/uploads\/2022\/06\/Paulius-1365x2048.jpg 1365w, https:\/\/salionas.lt\/wp-content\/uploads\/2022\/06\/Paulius-1568x2352.jpg 1568w, https:\/\/salionas.lt\/wp-content\/uploads\/2022\/06\/Paulius-scaled.jpg 1707w\" sizes=\"(max-width: 683px) 100vw, 683px\" \/>\t\t\t\t\t\t\t\t\t\t\t\t\t\t\t<\/div>\n\t\t\t\t<\/div>\n\t\t\t\t\t<\/div>\n\t\t<\/div>\n\t\t\t\t<div class=\"elementor-column elementor-col-50 elementor-top-column elementor-element elementor-element-35f718a8\" data-id=\"35f718a8\" data-element_type=\"column\" data-e-type=\"column\" data-settings=\"{&quot;background_background&quot;:&quot;classic&quot;}\">\n\t\t\t<div class=\"elementor-widget-wrap elementor-element-populated\">\n\t\t\t\t\t\t<div class=\"elementor-element elementor-element-35eaab01 elementor-widget elementor-widget-heading\" data-id=\"35eaab01\" data-element_type=\"widget\" data-e-type=\"widget\" data-widget_type=\"heading.default\">\n\t\t\t\t<div class=\"elementor-widget-container\">\n\t\t\t\t\t<h2 class=\"elementor-heading-title elementor-size-default\">Paulius Markeli\u016bnas<\/h2>\t\t\t\t<\/div>\n\t\t\t\t<\/div>\n\t\t\t\t<div class=\"elementor-element elementor-element-577954a4 elementor-widget elementor-widget-heading\" data-id=\"577954a4\" data-element_type=\"widget\" data-e-type=\"widget\" data-widget_type=\"heading.default\">\n\t\t\t\t<div class=\"elementor-widget-container\">\n\t\t\t\t\t<h2 class=\"elementor-heading-title elementor-size-default\">(Top ekspertas)<\/h2>\t\t\t\t<\/div>\n\t\t\t\t<\/div>\n\t\t\t\t<div class=\"elementor-element elementor-element-17aac230 elementor-widget elementor-widget-heading\" data-id=\"17aac230\" data-element_type=\"widget\" data-e-type=\"widget\" data-widget_type=\"heading.default\">\n\t\t\t\t<div class=\"elementor-widget-container\">\n\t\t\t\t\t<h1 class=\"elementor-heading-title elementor-size-default\">Mano senelis buvo kaimo kirp\u0117jas-m\u0117g\u0117jas. Man labai patiko rankin\u0117 kirpimo ma\u0161in\u0117l\u0117.\nMokykloje esu band\u0119s kirpti draugus, bet apie toki\u0105 profesij\u0105 nesusim\u0105s\u010diau iki tol, kol\nnebaigiau dvylikos. O tada supratau, kad mano k\u016brybingai sielai tikrai netiks nei \u201eVisiukai\u201d\n(\u201eVGTU\u201d) nei \u201eVU\u201d.<\/h1>\t\t\t\t<\/div>\n\t\t\t\t<\/div>\n\t\t\t\t<div class=\"elementor-element elementor-element-515a0975 elementor-widget elementor-widget-heading\" data-id=\"515a0975\" data-element_type=\"widget\" data-e-type=\"widget\" data-widget_type=\"heading.default\">\n\t\t\t\t<div class=\"elementor-widget-container\">\n\t\t\t\t\t<h1 class=\"elementor-heading-title elementor-size-default\">Viena klasiok\u0117 (gera draug\u0117 iki \u0161i\u0173 dien\u0173) patar\u0117 i\u0161bandyti kirp\u0117jo amat\u0105. I\u0161 prad\u017ei\u0173 suabejojau,\nbet, geriau pagalvoj\u0119s, nusprend\u017eiau pabandyti. Mokslai \u0117josi labai gerai ir greitai. Labai\nsusidom\u0117jau \u0161ia profesija. Gana greitai lipau karjeros laiptais. Mokiausi i\u0161\n\nvis\u0173 talenting\u0173 \u017emoni\u0173 kurie tik mane supo, o taip pat ir i\u0161 u\u017esienio kumyr\u0173. Banguojant ir\nbesikei\u010diant visiems \u012fkv\u0117p\u0117jams dirbu jau 26 metus.<\/h1>\t\t\t\t<\/div>\n\t\t\t\t<\/div>\n\t\t\t\t<div class=\"elementor-element elementor-element-3f4677b3 elementor-widget elementor-widget-heading\" data-id=\"3f4677b3\" data-element_type=\"widget\" data-e-type=\"widget\" data-widget_type=\"heading.default\">\n\t\t\t\t<div class=\"elementor-widget-container\">\n\t\t\t\t\t<h1 class=\"elementor-heading-title elementor-size-default\">Did\u017eiausi\u0105 \u012fkv\u0117pim\u0105, supratim\u0105 ir kitus pamatinius dalykus gavau visai neseniai \u2013 i\u0161 garsaus,\npasaulinio masto kirp\u0117jo Johnny Othona (\u201eAllilon\u201d), kuris \u0161iuo metu man yra ne tik mokytojas,\nbet ir draugas. Stengiam\u0117s susitikti net ir ne moksl\u0173 klausimais, o tiesiog ramiai pavakarieniaut\nir pakalb\u0117t visomis temomis. Seniau i\u0161 toki\u0173 \u017emoni\u0173 gaudavau labai daug \u012fkv\u0117pimo darbui.\nDabar pasteb\u0117jau, kad mane labai \u012fkvepia m\u016bs\u0173 jauni meistrai, kurie nori mokytis i\u0161 man\u0119s. Tai\npriver\u010dia pasitempt.<\/h1>\t\t\t\t<\/div>\n\t\t\t\t<\/div>\n\t\t\t\t<div class=\"elementor-element elementor-element-4c94006b elementor-widget elementor-widget-heading\" data-id=\"4c94006b\" data-element_type=\"widget\" data-e-type=\"widget\" data-widget_type=\"heading.default\">\n\t\t\t\t<div class=\"elementor-widget-container\">\n\t\t\t\t\t<h1 class=\"elementor-heading-title elementor-size-default\">Mano blogiausias bruo\u017eas yra principai, jie daug dalyk\u0173 sugriov\u0117 mano gyvenime. O geriausias\nmano bruo\u017eas yra principai, tik per juos a\u0161 visko pasiekiau.<\/h1>\t\t\t\t<\/div>\n\t\t\t\t<\/div>\n\t\t\t\t<div class=\"elementor-element elementor-element-4cb9f8f2 elementor-widget elementor-widget-heading\" data-id=\"4cb9f8f2\" data-element_type=\"widget\" data-e-type=\"widget\" data-widget_type=\"heading.default\">\n\t\t\t\t<div class=\"elementor-widget-container\">\n\t\t\t\t\t<h1 class=\"elementor-heading-title elementor-size-default\">Gyvenime neturiu moto, tik \u017einau, kad fraz\u0117 \u201eGyveni viena kart\u0105\u201d yra lempu lempa, \u2013 mir\u0161ti\nvien\u0105 kart\u0105, o GYVENI KIEKVIEN\u0104 DIEN\u0104.<\/h1>\t\t\t\t<\/div>\n\t\t\t\t<\/div>\n\t\t\t\t\t<\/div>\n\t\t<\/div>\n\t\t\t\t\t<\/div>\n\t\t<\/section>\n\t\t\t\t<\/div>\n\t\t","protected":false},"excerpt":{"rendered":"<p>Paulius Markeli\u016bnas (Top ekspertas) Mano senelis buvo kaimo kirp\u0117jas-m\u0117g\u0117jas. Man labai patiko rankin\u0117 kirpimo ma\u0161in\u0117l\u0117. Mokykloje esu band\u0119s kirpti draugus, bet apie toki\u0105 profesij\u0105 nesusim\u0105s\u010diau iki tol, kol nebaigiau dvylikos. O tada supratau, kad mano k\u016brybingai sielai tikrai netiks nei \u201eVisiukai\u201d (\u201eVGTU\u201d) nei \u201eVU\u201d. Viena&#8230;<\/p>\n","protected":false},"author":1,"featured_media":0,"parent":0,"menu_order":0,"comment_status":"closed","ping_status":"closed","template":"elementor_header_footer","meta":{"content-type":"","footnotes":""},"class_list":["post-472","page","type-page","status-publish","hentry"],"_links":{"self":[{"href":"https:\/\/salionas.lt\/index.php\/wp-json\/wp\/v2\/pages\/472","targetHints":{"allow":["GET"]}}],"collection":[{"href":"https:\/\/salionas.lt\/index.php\/wp-json\/wp\/v2\/pages"}],"about":[{"href":"https:\/\/salionas.lt\/index.php\/wp-json\/wp\/v2\/types\/page"}],"author":[{"embeddable":true,"href":"https:\/\/salionas.lt\/index.php\/wp-json\/wp\/v2\/users\/1"}],"replies":[{"embeddable":true,"href":"https:\/\/salionas.lt\/index.php\/wp-json\/wp\/v2\/comments?post=472"}],"version-history":[{"count":4,"href":"https:\/\/salionas.lt\/index.php\/wp-json\/wp\/v2\/pages\/472\/revisions"}],"predecessor-version":[{"id":477,"href":"https:\/\/salionas.lt\/index.php\/wp-json\/wp\/v2\/pages\/472\/revisions\/477"}],"wp:attachment":[{"href":"https:\/\/salionas.lt\/index.php\/wp-json\/wp\/v2\/media?parent=472"}],"curies":[{"name":"wp","href":"https:\/\/api.w.org\/{rel}","templated":true}]}}