{"id":478,"date":"2022-06-08T15:53:43","date_gmt":"2022-06-08T15:53:43","guid":{"rendered":"http:\/\/salionas.lt\/?page_id=478"},"modified":"2022-06-08T15:57:35","modified_gmt":"2022-06-08T15:57:35","slug":"vaida-cybaite","status":"publish","type":"page","link":"https:\/\/salionas.lt\/index.php\/vaida-cybaite\/","title":{"rendered":"Vaida \u010cybait\u0117"},"content":{"rendered":"\t\t<div data-elementor-type=\"wp-page\" data-elementor-id=\"478\" class=\"elementor elementor-478\">\n\t\t\t\t\t\t<section class=\"elementor-section elementor-top-section elementor-element elementor-element-1f63e046 elementor-section-boxed elementor-section-height-default elementor-section-height-default\" data-id=\"1f63e046\" data-element_type=\"section\" data-e-type=\"section\">\n\t\t\t\t\t\t<div class=\"elementor-container elementor-column-gap-default\">\n\t\t\t\t\t<div class=\"elementor-column elementor-col-50 elementor-top-column elementor-element elementor-element-6ca9a9dd\" data-id=\"6ca9a9dd\" data-element_type=\"column\" data-e-type=\"column\" data-settings=\"{&quot;background_background&quot;:&quot;classic&quot;}\">\n\t\t\t<div class=\"elementor-widget-wrap elementor-element-populated\">\n\t\t\t\t\t\t<div class=\"elementor-element elementor-element-2c9b474e elementor-widget elementor-widget-image\" data-id=\"2c9b474e\" data-element_type=\"widget\" data-e-type=\"widget\" data-widget_type=\"image.default\">\n\t\t\t\t<div class=\"elementor-widget-container\">\n\t\t\t\t\t\t\t\t\t\t\t\t\t\t\t<img fetchpriority=\"high\" decoding=\"async\" width=\"683\" height=\"1024\" src=\"https:\/\/salionas.lt\/wp-content\/uploads\/2022\/06\/Vaida-683x1024.jpg\" class=\"attachment-large size-large wp-image-461\" alt=\"\" srcset=\"https:\/\/salionas.lt\/wp-content\/uploads\/2022\/06\/Vaida-683x1024.jpg 683w, https:\/\/salionas.lt\/wp-content\/uploads\/2022\/06\/Vaida-200x300.jpg 200w, https:\/\/salionas.lt\/wp-content\/uploads\/2022\/06\/Vaida-768x1152.jpg 768w, https:\/\/salionas.lt\/wp-content\/uploads\/2022\/06\/Vaida-1024x1536.jpg 1024w, https:\/\/salionas.lt\/wp-content\/uploads\/2022\/06\/Vaida-1365x2048.jpg 1365w, https:\/\/salionas.lt\/wp-content\/uploads\/2022\/06\/Vaida-1568x2352.jpg 1568w, https:\/\/salionas.lt\/wp-content\/uploads\/2022\/06\/Vaida-scaled.jpg 1707w\" sizes=\"(max-width: 683px) 100vw, 683px\" style=\"width:100%;height:149.97%;max-width:1707px\" \/>\t\t\t\t\t\t\t\t\t\t\t\t\t\t\t<\/div>\n\t\t\t\t<\/div>\n\t\t\t\t\t<\/div>\n\t\t<\/div>\n\t\t\t\t<div class=\"elementor-column elementor-col-50 elementor-top-column elementor-element elementor-element-3ab2e045\" data-id=\"3ab2e045\" data-element_type=\"column\" data-e-type=\"column\" data-settings=\"{&quot;background_background&quot;:&quot;classic&quot;}\">\n\t\t\t<div class=\"elementor-widget-wrap elementor-element-populated\">\n\t\t\t\t\t\t<div class=\"elementor-element elementor-element-9193c35 elementor-widget elementor-widget-heading\" data-id=\"9193c35\" data-element_type=\"widget\" data-e-type=\"widget\" data-widget_type=\"heading.default\">\n\t\t\t\t<div class=\"elementor-widget-container\">\n\t\t\t\t\t<h2 class=\"elementor-heading-title elementor-size-default\">Vaida \u010cybait\u0117<\/h2>\t\t\t\t<\/div>\n\t\t\t\t<\/div>\n\t\t\t\t<div class=\"elementor-element elementor-element-5f61c4a5 elementor-widget elementor-widget-heading\" data-id=\"5f61c4a5\" data-element_type=\"widget\" data-e-type=\"widget\" data-widget_type=\"heading.default\">\n\t\t\t\t<div class=\"elementor-widget-container\">\n\t\t\t\t\t<h2 class=\"elementor-heading-title elementor-size-default\">(Ekspert\u0117)<\/h2>\t\t\t\t<\/div>\n\t\t\t\t<\/div>\n\t\t\t\t<div class=\"elementor-element elementor-element-2db3d69e elementor-widget elementor-widget-heading\" data-id=\"2db3d69e\" data-element_type=\"widget\" data-e-type=\"widget\" data-widget_type=\"heading.default\">\n\t\t\t\t<div class=\"elementor-widget-container\">\n\t\t\t\t\t<h1 class=\"elementor-heading-title elementor-size-default\">Jau vaikyst\u0117je mano \u0161eima \u012f\u017evelg\u0117 kirp\u0117jos gabumus ir sakydavo: \u201cb\u016bsi kirp\u0117ja\u201d Baigusi vidurin\u0119\n\u012fstojau \u012f Vilniaus kolegij\u0105 \u201c \u0161ukuosen\u0173 dizaino studijas\u201d. Kerpu \u017emones jau 11 met\u0173.<\/h1>\t\t\t\t<\/div>\n\t\t\t\t<\/div>\n\t\t\t\t<div class=\"elementor-element elementor-element-5022fb elementor-widget elementor-widget-heading\" data-id=\"5022fb\" data-element_type=\"widget\" data-e-type=\"widget\" data-widget_type=\"heading.default\">\n\t\t\t\t<div class=\"elementor-widget-container\">\n\t\t\t\t\t<h1 class=\"elementor-heading-title elementor-size-default\">Darbe mane \u012fkvepia \u017emon\u0117s, rezultatas, \u0161ypsenos, gr\u012f\u017etamasis ry\u0161ys.<\/h1>\t\t\t\t<\/div>\n\t\t\t\t<\/div>\n\t\t\t\t<div class=\"elementor-element elementor-element-cb518df elementor-widget elementor-widget-heading\" data-id=\"cb518df\" data-element_type=\"widget\" data-e-type=\"widget\" data-widget_type=\"heading.default\">\n\t\t\t\t<div class=\"elementor-widget-container\">\n\t\t\t\t\t<h1 class=\"elementor-heading-title elementor-size-default\">Nuolatos tobulinu \u012fg\u016bd\u017eius seminaruose, stipriausi \u201eAllilon\u201d akademijoje, koloristikos kurse\n\u201eColor Mentoring\u201d.<\/h1>\t\t\t\t<\/div>\n\t\t\t\t<\/div>\n\t\t\t\t<div class=\"elementor-element elementor-element-2feb6e95 elementor-widget elementor-widget-heading\" data-id=\"2feb6e95\" data-element_type=\"widget\" data-e-type=\"widget\" data-widget_type=\"heading.default\">\n\t\t\t\t<div class=\"elementor-widget-container\">\n\t\t\t\t\t<h1 class=\"elementor-heading-title elementor-size-default\">Gyvenime tikiu, kad viskas \u012fvyks taip kaip turi \u012fvykti.<\/h1>\t\t\t\t<\/div>\n\t\t\t\t<\/div>\n\t\t\t\t\t<\/div>\n\t\t<\/div>\n\t\t\t\t\t<\/div>\n\t\t<\/section>\n\t\t\t\t<\/div>\n\t\t","protected":false},"excerpt":{"rendered":"<p>Vaida \u010cybait\u0117 (Ekspert\u0117) Jau vaikyst\u0117je mano \u0161eima \u012f\u017evelg\u0117 kirp\u0117jos gabumus ir sakydavo: \u201cb\u016bsi kirp\u0117ja\u201d Baigusi vidurin\u0119 \u012fstojau \u012f Vilniaus kolegij\u0105 \u201c \u0161ukuosen\u0173 dizaino studijas\u201d. Kerpu \u017emones jau 11 met\u0173. Darbe mane \u012fkvepia \u017emon\u0117s, rezultatas, \u0161ypsenos, gr\u012f\u017etamasis ry\u0161ys. Nuolatos tobulinu \u012fg\u016bd\u017eius seminaruose, stipriausi \u201eAllilon\u201d akademijoje, koloristikos kurse \u201eColor Mentoring\u201d. Gyvenime tikiu, kad viskas \u012fvyks taip kaip&hellip; <a class=\"more-link\" href=\"https:\/\/salionas.lt\/index.php\/vaida-cybaite\/\">T\u0119skite <span class=\"screen-reader-text\">Vaida \u010cybait\u0117<\/span> skaitym\u0105<\/a><\/p>\n","protected":false},"author":1,"featured_media":0,"parent":0,"menu_order":0,"comment_status":"closed","ping_status":"closed","template":"elementor_header_footer","meta":{"footnotes":""},"class_list":["post-478","page","type-page","status-publish","hentry","entry"],"_links":{"self":[{"href":"https:\/\/salionas.lt\/index.php\/wp-json\/wp\/v2\/pages\/478","targetHints":{"allow":["GET"]}}],"collection":[{"href":"https:\/\/salionas.lt\/index.php\/wp-json\/wp\/v2\/pages"}],"about":[{"href":"https:\/\/salionas.lt\/index.php\/wp-json\/wp\/v2\/types\/page"}],"author":[{"embeddable":true,"href":"https:\/\/salionas.lt\/index.php\/wp-json\/wp\/v2\/users\/1"}],"replies":[{"embeddable":true,"href":"https:\/\/salionas.lt\/index.php\/wp-json\/wp\/v2\/comments?post=478"}],"version-history":[{"count":4,"href":"https:\/\/salionas.lt\/index.php\/wp-json\/wp\/v2\/pages\/478\/revisions"}],"predecessor-version":[{"id":483,"href":"https:\/\/salionas.lt\/index.php\/wp-json\/wp\/v2\/pages\/478\/revisions\/483"}],"wp:attachment":[{"href":"https:\/\/salionas.lt\/index.php\/wp-json\/wp\/v2\/media?parent=478"}],"curies":[{"name":"wp","href":"https:\/\/api.w.org\/{rel}","templated":true}]}}